{"id":69,"date":"2022-01-27T14:53:13","date_gmt":"2022-01-27T13:53:13","guid":{"rendered":"https:\/\/www.kleinbaasdam.nl\/?page_id=69"},"modified":"2025-06-02T12:39:37","modified_gmt":"2025-06-02T10:39:37","slug":"wat-we-van-elkaar-mogen-verwachten","status":"publish","type":"page","link":"https:\/\/www.kleinbaasdam.nl\/?page_id=69","title":{"rendered":"Wat we van elkaar mogen verwachten"},"content":{"rendered":"\n<p class=\"has-text-align-right\"><strong><em>Tubbergen, januari 202<\/em><\/strong>4<\/p>\n\n\n\n<p><br><strong>Inleiding<\/strong><br>We staan met een grote groep mensen op een beperkt terrein met gemeenschappelijke voorzieningen en willen allemaal zo plezierig mogelijk hier van onze vakantie en\/of vrije tijd genieten.<br>Door vele wetten, regels en verschillende normen en waarden heeft ieder zo zijn eigen idee\u00ebn daar over.<br>Wij respecteren uw idee\u00ebn daarin, maar verwachten van u dat u op ons bedrijf ook onze idee\u00ebn daarin respecteert om zodoende ieder voor zich en toch gezamenlijk te kunnen genieten van onze vakantie en\/of vrije tijd.<br>Gaat u akkoord met onze verwachtingen, dan bent u van harte welkom op ons recreatiebedrijf.<\/p>\n\n\n\n<p><strong>Aankomst en vertrek<\/strong><br>Wij verwachten u na 13.00 uur en vertrek is v\u00f3\u00f3r 11.00 uur.<br>Later vertrek is mogelijk na overleg. ( kosten \u20ac 10,00 )<br>Tussen 12.00 uur en 13.00 uur is de receptie gesloten en is aankomst en vertrek niet mogelijk!<\/p>\n\n\n\n<p><br><strong>Parkeren<\/strong><br>Er mag 1 auto bij uw kampeermiddel op de plaatsen 28 t\/m\/ 34 ( bij droog weer!!)<br>Overige plaatsen zijn <strong>autovrij<\/strong> <\/p>\n\n\n\n<p><strong>Receptie<\/strong> <strong>en visite<\/strong><br>De receptie is dagelijks geopend van 9.00 uur tot 12.00 uur en van 13.00 uur tot 16.00 uur.<br>Visite dient zich hier ook te melden en het bezoekerstarief te betalen.<br>Wilt u toch op visite terwijl de receptie gesloten is, bel 0546623328 om u te melden !<br>Bij calamiteiten moeten wij weten wie er naast de bij ons bekende gasten ook op onze camping aanwezig zijn.<br><em>In geval van NOOD zijn we altijd bereikbaar op 0546623328<\/em>.<br>Respecteer onze privacy door niet ons woonhuis te bezoeken, maar gewoon onze receptie.<\/p>\n\n\n\n<p><strong>Kampeerplaats<\/strong><br><strong>Grasverstikkend materiaal, zoals plastic, anti-worteldoek of dichtgevlochten matten zijn<\/strong> <strong>niet toegestaan<\/strong> <strong>buiten het tegelplateau.<\/strong> <br>Aan uw tent, caravan of camper is in principe alleen een voortent of luifel toegestaan. Beide ( voortent met luifel) is alleen mogelijk na overleg en op enkele plaatsen. Zijwand luifel niet aanwezig.<br>Een bijzettentje van max. 2.20 m x 2.20 m is ook uitsluitend na overleg met beheerder tegen extra kosten mogelijk.<br>Partytenten passen niet bij het karakter van de camping en zijn daarom ook niet toegestaan.<br>Airco\u2019s mogen geen lawaaioverlast veroorzaken.<br>Elektraverbruik ( 10 Amp aansluiting) wordt op elke plaats apart gemeten. Dit is wel zo eerlijk. Als we de kampeerprijs verhogen en stroom inbegrepen zou zijn betaalt u immers ook mee voor de &#8220;grootverbruikers&#8221;. Normaal stroomverbruik ligt ongeveer op 4 kWh per dag. &#8220;Grootverbruikers&#8221; zien we rond de 7 kWh per dag gebruiken. Geen probleem, uw verwarming, uw airco&#8230;.uw geld. We hanteren een tarief van \u20ac0,45 per kWh. <br><\/p>\n\n\n\n<p><strong>Huisdieren<\/strong><br>Per kampeermiddel\/plaats is maximaal 1 huisdier toegestaan.<br><strong>Huisdieren van uw visite laten we niet toe <\/strong>om zodoende het rustige karakter van de camping te behouden.<br>Uw hond dient altijd aangelijnd te zijn en wordt<strong> buiten de camping uitgelaten, dus ook niet op het veld naast de parkeerplaats!<\/strong><br>Ook buiten de camping ruimt u de uitwerpselen op uit respect voor onze buurtbewoners.<\/p>\n\n\n\n<p><strong>Afval<\/strong><br>In onze milieustraat mag u uw afval<strong> uitsluitend gescheiden <\/strong>afvoeren.<br>Grofvuil ( tuinstoelen, kleden e.d. ) dient u zelf af te voeren en te storten bij uw eigen woongemeente.<br><strong>Let op : Er is ( helaas noodzakelijk) cameratoezicht bij de milieustraat.<br>Mensen die niet meewerken aan ons afvalbeleid worden hier dan ook op aangesproken<\/strong> <strong>en krijgen de afvaltoeslag op hun factuur.<\/strong><\/p>\n\n\n\n<p><strong>Sanitair<\/strong><br>Wij zijn zuinig op ons sanitair. Roken is niet toegestaan en huisdieren zijn hier ook niet welkom. <br>Kinderen onder de 5 jaar gelieve alleen onder begeleiding van een volwassene.<br><strong>Tijdens de schoonmaak absoluut niet storen en de andere sanitaire ruimte gebruiken. We kunnen niet altijd kletsen!<\/strong><\/p>\n\n\n\n<p>Wij zien ons gerechtigd u aan te spreken op de door u en\/of uw kinderen aangebrachte vervuiling.<\/p>\n\n\n\n<p><\/p>\n\n\n\n<p><strong>Wifi<\/strong><br>Het gebruik van internet is middels ons wifi systeem gratis. Voor streamen, films downloaden gebruikt u uw eigen betaalde internetbundel.<br>Zoek op uw apparaat naar \u201cKleinBaasdam\u201d en log in met het wachtwoord dat in uw infoboekje staat.<br>Het gebruik van ons openbaar wifi systeem is op eigen risico en u dient bv een eigen VPN te gebruiken voor uw veiligheid.<br>Het hele terrein is voorzien van zenders. Versterkers zijn niet nodig en niet toegestaan, teneinde anderen niet te verstoren.<br><\/p>\n\n\n\n<p><strong>Zwembad<\/strong><br>Het zwembad is van half mei tot half september dagelijks geopend tot 20.00 uur.<br>Zonnebrandcr\u00e8me, zweet e.d. be\u00efnvloeden de waterkwaliteit en vragen we u dan ook te douchen, voordat u het zwembad gebruikt.<\/p>\n\n\n\n<p><strong>Vuurkorven\/barbecue<\/strong><br>Vuurkorven zijn niet toegestaan. Barbeque uitsluitend op gas of kolen.<br>Gelieve het rooster van uw gasbarbecue eerst goed schoon te maken, alvorens u hiermee naar de afwasplaatsen gaat. Kolen 1 nacht laten afkoelen voordat u het afvoert.<\/p>\n\n\n\n<p><strong>Visvijver<\/strong><br>Wij hebben een unieke visvijver ter beschikking voor alle campinggasten en eventuele betalende bezoekers.<br>Om dit een heel seizoen beschikbaar te houden is het gebruik wel aan specifieke voorwaarden gebonden.<br>\u2022 Niemand heeft een eigen vaste plek aan de vijver<br>\u2022 Het vissen op onze camping is gratis voor onze campinggasten, maar de betalende bezoekers betalen \u20ac2,50 per dag extra<br>\u2022 Per persoon vist u met maximaal 2 hengels<br>\u2022 We vissen altijd<strong> zonder weerhaken<\/strong> en <strong>nooit zonder onthaakmat naast uw hengel<\/strong><br>\u2022 U mag in onze visvijver niet vliegvissen<br>\u2022 <strong>Voeren is verboden, in welke vorm dan ook<\/strong> (bijv. voerkorfjes, mandjes, cuppen of een voerplaats)<br> Ook niet heeeeel even, een heeeeeel klein beetje of maar eeeeeen keertje !<br>\u2022 Lok- en vangmiddelen (zoals gekleurde maden, kunstaas, dunne pasta, stukjes vis), dreggen en leefnetten zijn niet toegestaan<br>\u2022 Als aas kunt u wel kiezen uit pellets, mais uit blik, ongekleurde maden, pieren, partikels of brood<br>\u2022 Beetmelders zijn vanwege geluidsoverlast verboden<br>\u2022 Als u een vis gevangen heeft, haalt u deze met een schepnet uit het water.<strong> Let op : niet minutenlang fotograferen maar snel terugzetten!<\/strong><br>\u2022 Leg grote vissen op de onthaakmat ( te koop of te huur bij de receptie) en pak ze met natte handen of een natte doek vast om ze netjes te onthaken<br>\u2022 Indien de haak te diep zit knipt u de lijn af en zet u de vis voorzichtig terug<br>\u2022 Terugzetten van de vis gebeurt voorzichtig met een schepnet<br>\u2022 We vissen tot een half uur na zonsondergang<br>\u2022 <strong>Indien u zich niet houdt aan \u00e9\u00e9n of meerdere voornoemde voorwaarden betreffende het vissen, kunt u per direct de caravan aankoppelen en huiswaarts keren. Helaas hebben we geleerd dat we moeten controleren en we doen dit dan ook!<br><\/strong><br><strong>Rust<\/strong><br>We zijn hier met zijn allen voor onze rust en zorgt u ervoor dat uw buren geen last van u hebben en u geen last van uw buren.<br>Radio en TV is voor persoonlijk gebruik en hoeft niet te worden gedeeld met uw buren of de hele camping<br>Van 23.00 uur tot 8.00 uur respecteren we ieders nachtrust en verwachten wij dat uw visite ook voor 23.00 uur vertrekt.<br>Gedurende de voor de nachtrust bestemde tijden staan we geen gemotoriseerd verkeer meer toe !<\/p>\n\n\n\n<p><strong>Aansprakelijkheid<\/strong><br>Gasten zijn aansprakelijk voor schade die ze toebrengen aan eigendommen van Klein Baasdam.<br>Klein Baasdam is uitsluitend aansprakelijk te stellen voor schade aan uw eigendommen, indien u aantoont dat Klein Baasdam nalatigheid kan worden verweten.<\/p>\n\n\n\n<p><strong>Bij annulering binnen 14 dagen voor aankomst brengen we 50 % in rekening, binnen 1 week voor aankomst betaalt u 100 %. Denk daarom aan uw annuleringsverzekering !!<\/strong><\/p>\n\n\n\n<p><strong>Tot slot<\/strong><br>Onze voorwaarden\/regels\/verwachtingen scheppen enige duidelijkheid naar elkaar, maar lossen niet alles op.<br>In gevallen waarin niet voorzien, beslissen wij als campingeigenaar.<\/p>\n\n\n\n<p class=\"has-text-align-right\">Marc en Ilse Gast<br>Camping Klein Baasdam Tubbergen<\/p>\n","protected":false},"excerpt":{"rendered":"<p>Tubbergen, januari 2024 InleidingWe staan met een grote groep mensen op een beperkt terrein met gemeenschappelijke voorzieningen en willen allemaal zo plezierig mogelijk hier van onze vakantie en\/of vrije tijd genieten.Door vele wetten, regels en verschillende normen en waarden heeft ieder zo zijn eigen idee\u00ebn daar over.Wij respecteren uw idee\u00ebn daarin, maar verwachten van u &hellip;<br \/><a href=\"https:\/\/www.kleinbaasdam.nl\/?page_id=69\" class=\"more-link pen_button pen_element_default pen_icon_arrow_double\">Ga door met het lezen van <span class=\"screen-reader-text\">Wat we van elkaar mogen verwachten<\/span><\/a><\/p>\n","protected":false},"author":2,"featured_media":0,"parent":0,"menu_order":0,"comment_status":"closed","ping_status":"closed","template":"","meta":{"footnotes":""},"class_list":["post-69","page","type-page","status-publish","hentry"],"_links":{"self":[{"href":"https:\/\/www.kleinbaasdam.nl\/index.php?rest_route=\/wp\/v2\/pages\/69","targetHints":{"allow":["GET"]}}],"collection":[{"href":"https:\/\/www.kleinbaasdam.nl\/index.php?rest_route=\/wp\/v2\/pages"}],"about":[{"href":"https:\/\/www.kleinbaasdam.nl\/index.php?rest_route=\/wp\/v2\/types\/page"}],"author":[{"embeddable":true,"href":"https:\/\/www.kleinbaasdam.nl\/index.php?rest_route=\/wp\/v2\/users\/2"}],"replies":[{"embeddable":true,"href":"https:\/\/www.kleinbaasdam.nl\/index.php?rest_route=%2Fwp%2Fv2%2Fcomments&post=69"}],"version-history":[{"count":33,"href":"https:\/\/www.kleinbaasdam.nl\/index.php?rest_route=\/wp\/v2\/pages\/69\/revisions"}],"predecessor-version":[{"id":729,"href":"https:\/\/www.kleinbaasdam.nl\/index.php?rest_route=\/wp\/v2\/pages\/69\/revisions\/729"}],"wp:attachment":[{"href":"https:\/\/www.kleinbaasdam.nl\/index.php?rest_route=%2Fwp%2Fv2%2Fmedia&parent=69"}],"curies":[{"name":"wp","href":"https:\/\/api.w.org\/{rel}","templated":true}]}}